{"id":489,"date":"2021-07-11T16:50:18","date_gmt":"2021-07-11T14:50:18","guid":{"rendered":"https:\/\/www.neudert-consulting.de\/?page_id=489"},"modified":"2025-07-03T22:54:02","modified_gmt":"2025-07-03T20:54:02","slug":"neudert-consulting-coaching","status":"publish","type":"page","link":"https:\/\/www.neudert-consulting.de\/neudert-consulting-coaching\/","title":{"rendered":"Startseite"},"content":{"rendered":"\n<p class=\"has-text-align-center\" style=\"font-size:48px\"><span style=\"color:#ab3d3a\" class=\"has-inline-color\">Herzlich Willkommen bei<\/span><\/p>\n\n\n\n<p class=\"has-text-align-center\" style=\"font-size:48px\"><span style=\"color:#ab3d3a\" class=\"has-inline-color\">Neudert Consulting &amp; Coaching<\/span><\/p>\n\n\n\n<p><\/p>\n\n\n\n<p><\/p>\n\n\n\n<figure class=\"wp-block-image size-large\"><img loading=\"lazy\" decoding=\"async\" width=\"1024\" height=\"309\" src=\"https:\/\/www.neudert-consulting.de\/wp-content\/uploads\/2021\/10\/AdobeStock_61932582-1024x309.jpeg\" alt=\"\" class=\"wp-image-616\" srcset=\"https:\/\/www.neudert-consulting.de\/wp-content\/uploads\/2021\/10\/AdobeStock_61932582-1024x309.jpeg 1024w, https:\/\/www.neudert-consulting.de\/wp-content\/uploads\/2021\/10\/AdobeStock_61932582-300x90.jpeg 300w, https:\/\/www.neudert-consulting.de\/wp-content\/uploads\/2021\/10\/AdobeStock_61932582-768x232.jpeg 768w, https:\/\/www.neudert-consulting.de\/wp-content\/uploads\/2021\/10\/AdobeStock_61932582-1536x463.jpeg 1536w, https:\/\/www.neudert-consulting.de\/wp-content\/uploads\/2021\/10\/AdobeStock_61932582-2048x618.jpeg 2048w\" sizes=\"auto, (max-width: 1024px) 100vw, 1024px\" \/><\/figure>\n\n\n\n<p class=\"has-text-align-center has-medium-font-size\"><strong><span style=\"color:#ab3d3a\" class=\"has-inline-color\"><strong><span style=\"color:#ab3d3a\" class=\"has-inline-color\">\u201eVon der Problemursache zur nachhaltigen L\u00f6sung \u2013 gemeinsam zu Ihrem Erfolg.\u201c<\/span><\/strong><\/span><\/strong><\/p>\n\n\n\n<p class=\"has-medium-font-size\"><strong><span style=\"color:#ab3d3a\" class=\"has-inline-color\"><strong><span style=\"color:#ab3d3a\" class=\"has-inline-color\">\u201eIch helfe Ihnen dabei, Probleme nicht nur oberfl\u00e4chlich zu behandeln, sondern deren &nbsp;Ursachen systematisch zu erkennen und gezielt zu beseitigen. So sorgen wir gemeinsam daf\u00fcr, dass Sie nachhaltige L\u00f6sungen entwickeln, klare Ziele erreichen und Ihr Unternehmen oder Ihre pers\u00f6nliche Situation sp\u00fcrbar verbessern.\u201c<\/span><\/strong><\/span><\/strong><\/p>\n\n\n\n<h1 class=\"wp-block-heading\"><strong><strong><strong><mark style=\"background-color:rgba(0, 0, 0, 0);color:#ab3d3a\" class=\"has-inline-color\">Konkret bedeutet das:<\/mark><\/strong><\/strong><\/strong><\/h1>\n\n\n\n<p class=\"has-medium-font-size\"><span style=\"color:#ab3d3a\" class=\"has-inline-color\">\u2022 Sie gewinnen Klarheit \u00fcber die tats\u00e4chlichen Herausforderungen und deren Hintergr\u00fcnde.<\/span><\/p>\n\n\n\n<p class=\"has-medium-font-size\"><span style=\"color:#ab3d3a\" class=\"has-inline-color\">\u2022 Sie erhalten eine verst\u00e4ndliche und strukturierte Analyse Ihrer Situation.<\/span><\/p>\n\n\n\n<p class=\"has-medium-font-size\"><span style=\"color:#ab3d3a\" class=\"has-inline-color\">\u2022 Sie definieren gemeinsam mit mir realistische und erreichbare Ziele.<\/span><\/p>\n\n\n\n<p class=\"has-medium-font-size\"><span style=\"color:#ab3d3a\" class=\"has-inline-color\">\u2022 Sie profitieren von einer zielgerichteten Begleitung auf dem Weg zur nachhaltigen Verbesserung.<\/span><\/p>\n\n\n\n<p class=\"has-medium-font-size\"><span style=\"color:#ab3d3a\" class=\"has-inline-color\">Setzen Sie sich direkt mit mir in Verbindung!<\/span><\/p>\n\n\n\n<p class=\"has-medium-font-size\"><span style=\"color:#ab3d3a\" class=\"has-inline-color\"><a href=\"mailto:info@neudert-consulting.de\">info@neudert-consulting.de<\/a> oder 01578 71 353 17<\/span><\/p>\n","protected":false},"excerpt":{"rendered":"<p>Herzlich Willkommen bei Neudert Consulting &amp; Coaching \u201eVon der Problemursache zur nachhaltigen L\u00f6sung \u2013 gemeinsam zu Ihrem Erfolg.\u201c \u201eIch helfe Ihnen dabei, Probleme nicht nur oberfl\u00e4chlich zu behandeln, sondern deren &nbsp;Ursachen systematisch zu erkennen und gezielt zu beseitigen. So sorgen wir gemeinsam daf\u00fcr, dass Sie nachhaltige L\u00f6sungen entwickeln, klare Ziele erreichen und Ihr Unternehmen oder [&hellip;]<\/p>\n","protected":false},"author":3,"featured_media":0,"parent":0,"menu_order":0,"comment_status":"closed","ping_status":"closed","template":"template-gutenberg.php","meta":{"footnotes":""},"class_list":["post-489","page","type-page","status-publish","hentry"],"_links":{"self":[{"href":"https:\/\/www.neudert-consulting.de\/neudert-consulting-coaching\/wp-json\/wp\/v2\/pages\/489","targetHints":{"allow":["GET"]}}],"collection":[{"href":"https:\/\/www.neudert-consulting.de\/neudert-consulting-coaching\/wp-json\/wp\/v2\/pages"}],"about":[{"href":"https:\/\/www.neudert-consulting.de\/neudert-consulting-coaching\/wp-json\/wp\/v2\/types\/page"}],"author":[{"embeddable":true,"href":"https:\/\/www.neudert-consulting.de\/neudert-consulting-coaching\/wp-json\/wp\/v2\/users\/3"}],"replies":[{"embeddable":true,"href":"https:\/\/www.neudert-consulting.de\/neudert-consulting-coaching\/wp-json\/wp\/v2\/comments?post=489"}],"version-history":[{"count":16,"href":"https:\/\/www.neudert-consulting.de\/neudert-consulting-coaching\/wp-json\/wp\/v2\/pages\/489\/revisions"}],"predecessor-version":[{"id":668,"href":"https:\/\/www.neudert-consulting.de\/neudert-consulting-coaching\/wp-json\/wp\/v2\/pages\/489\/revisions\/668"}],"wp:attachment":[{"href":"https:\/\/www.neudert-consulting.de\/neudert-consulting-coaching\/wp-json\/wp\/v2\/media?parent=489"}],"curies":[{"name":"wp","href":"https:\/\/api.w.org\/{rel}","templated":true}]}}